{"id":3605,"date":"2021-04-12T10:23:03","date_gmt":"2021-04-12T07:23:03","guid":{"rendered":"https:\/\/sunshine-malia.gr\/kontakt-nehmen-sie-kontakt-mit-uns\/"},"modified":"2024-02-02T12:51:40","modified_gmt":"2024-02-02T10:51:40","slug":"kontakt-nehmen-sie-kontakt-mit-uns","status":"publish","type":"page","link":"https:\/\/sunshine-malia.gr\/de\/kontakt-nehmen-sie-kontakt-mit-uns\/","title":{"rendered":"Kontakt | Nehmen Sie Kontakt mit uns"},"content":{"rendered":"\t\t<div data-elementor-type=\"wp-post\" data-elementor-id=\"3605\" class=\"elementor elementor-3605 elementor-341\" data-elementor-post-type=\"page\">\n\t\t\t\t\t\t\t\t\t<section class=\"elementor-section elementor-top-section elementor-element elementor-element-a553c7b elementor-section-stretched elementor-section-height-min-height elementor-section-boxed elementor-section-height-default elementor-section-items-middle\" data-id=\"a553c7b\" data-element_type=\"section\" data-settings=\"{&quot;stretch_section&quot;:&quot;section-stretched&quot;,&quot;background_background&quot;:&quot;classic&quot;}\">\n\t\t\t\t\t\t\t<div class=\"elementor-background-overlay\"><\/div>\n\t\t\t\t\t\t\t<div class=\"elementor-container elementor-column-gap-default\">\n\t\t\t\t\t<div class=\"elementor-column elementor-col-100 elementor-top-column elementor-element elementor-element-7299099\" data-id=\"7299099\" data-element_type=\"column\">\n\t\t\t<div class=\"elementor-widget-wrap elementor-element-populated\">\n\t\t\t\t\t\t\t\t<div class=\"elementor-element elementor-element-20a9b7e elementor-invisible elementor-widget elementor-widget-heading\" data-id=\"20a9b7e\" data-element_type=\"widget\" data-settings=\"{&quot;_animation&quot;:&quot;fadeInUp&quot;}\" data-widget_type=\"heading.default\">\n\t\t\t\t<div class=\"elementor-widget-container\">\n\t\t\t<h1 class=\"elementor-heading-title elementor-size-default\">Kontakt aufnehmen<\/h1>\t\t<\/div>\n\t\t\t\t<\/div>\n\t\t\t\t<div class=\"elementor-element elementor-element-0a8d48b elementor-invisible elementor-widget elementor-widget-heading\" data-id=\"0a8d48b\" data-element_type=\"widget\" data-settings=\"{&quot;_animation&quot;:&quot;fadeInUp&quot;,&quot;_animation_delay&quot;:400}\" data-widget_type=\"heading.default\">\n\t\t\t\t<div class=\"elementor-widget-container\">\n\t\t\t<h5 class=\"elementor-heading-title elementor-size-default\">BEFINDET SICH IM ZENTRUM VON KRETA, MALIA<\/h5>\t\t<\/div>\n\t\t\t\t<\/div>\n\t\t\t\t<div class=\"elementor-element elementor-element-13a71e5 elementor-align-center elementor-widget elementor-widget-button\" data-id=\"13a71e5\" data-element_type=\"widget\" data-widget_type=\"button.default\">\n\t\t\t\t<div class=\"elementor-widget-container\">\n\t\t\t\t\t<div class=\"elementor-button-wrapper\">\n\t\t\t<a class=\"elementor-button elementor-button-link elementor-size-md elementor-animation-skew-forward\" href=\"https:\/\/www.google.com\/maps\/place\/Sunshine+Apartments\/@35.2851557,25.4642428,15z\/data=!4m2!3m1!1s0x0:0x21207a7efd0980ec?sa=X&#038;ved=2ahUKEwjXyaetlsDhAhW3AhAIHRoMA68Q_BIwDnoECAsQCA\" target=\"_blank\">\n\t\t\t\t\t\t<span class=\"elementor-button-content-wrapper\">\n\t\t\t\t\t\t<span class=\"elementor-button-icon elementor-align-icon-left\">\n\t\t\t\t\t\t\t\t\t<i class=\"fa fa-map-marker\" aria-hidden=\"true\"><\/i>\n\t\t\t\t\t\t\t<\/span>\n\t\t\t\t\t\t<span class=\"elementor-button-text\">Richtung erhalten<\/span>\n\t\t<\/span>\n\t\t\t\t\t<\/a>\n\t\t<\/div>\n\t\t\t\t<\/div>\n\t\t\t\t<\/div>\n\t\t\t\t\t<\/div>\n\t\t<\/div>\n\t\t\t\t\t\t\t<\/div>\n\t\t<\/section>\n\t\t\t\t<section class=\"elementor-section elementor-top-section elementor-element elementor-element-135e629 elementor-section-boxed elementor-section-height-default elementor-section-height-default\" data-id=\"135e629\" data-element_type=\"section\">\n\t\t\t\t\t\t<div class=\"elementor-container elementor-column-gap-wider\">\n\t\t\t\t\t<div class=\"elementor-column elementor-col-100 elementor-top-column elementor-element elementor-element-313aa43 elementor-hidden-tablet elementor-hidden-phone\" data-id=\"313aa43\" data-element_type=\"column\">\n\t\t\t<div class=\"elementor-widget-wrap elementor-element-populated\">\n\t\t\t\t\t\t\t\t<div class=\"elementor-element elementor-element-de2badb elementor-invisible elementor-widget elementor-widget-image\" data-id=\"de2badb\" data-element_type=\"widget\" data-settings=\"{&quot;_animation&quot;:&quot;fadeIn&quot;}\" data-widget_type=\"image.default\">\n\t\t\t\t<div class=\"elementor-widget-container\">\n\t\t\t\t\t\t\t\t\t\t\t\t\t\t\t<img fetchpriority=\"high\" decoding=\"async\" width=\"682\" height=\"1024\" src=\"https:\/\/sunshine-malia.gr\/wp-content\/uploads\/2019\/03\/EVA_3007-682x1024.jpg\" class=\"attachment-large size-large wp-image-1472\" alt=\"Sunshine Malia Hotel Standard Room\" srcset=\"https:\/\/sunshine-malia.gr\/wp-content\/uploads\/2019\/03\/EVA_3007-682x1024.jpg 682w, https:\/\/sunshine-malia.gr\/wp-content\/uploads\/2019\/03\/EVA_3007-200x300.jpg 200w, https:\/\/sunshine-malia.gr\/wp-content\/uploads\/2019\/03\/EVA_3007-768x1154.jpg 768w, https:\/\/sunshine-malia.gr\/wp-content\/uploads\/2019\/03\/EVA_3007-440x661.jpg 440w, https:\/\/sunshine-malia.gr\/wp-content\/uploads\/2019\/03\/EVA_3007-600x902.jpg 600w, https:\/\/sunshine-malia.gr\/wp-content\/uploads\/2019\/03\/EVA_3007.jpg 800w\" sizes=\"(max-width: 682px) 100vw, 682px\" \/>\t\t\t\t\t\t\t\t\t\t\t\t\t\t\t<\/div>\n\t\t\t\t<\/div>\n\t\t\t\t\t<\/div>\n\t\t<\/div>\n\t\t\t\t<div class=\"elementor-column elementor-col-33 elementor-top-column elementor-element elementor-element-887bf7b elementor-invisible\" data-id=\"887bf7b\" data-element_type=\"column\" data-settings=\"{&quot;animation&quot;:&quot;fadeIn&quot;}\">\n\t\t\t<div class=\"elementor-widget-wrap elementor-element-populated\">\n\t\t\t\t\t\t\t\t<div class=\"elementor-element elementor-element-6b69e29 elementor-widget elementor-widget-heading\" data-id=\"6b69e29\" data-element_type=\"widget\" data-widget_type=\"heading.default\">\n\t\t\t\t<div class=\"elementor-widget-container\">\n\t\t\t<h2 class=\"elementor-heading-title elementor-size-default\">Haben Sie W\u00fcnsche oder Fragen?<\/h2>\t\t<\/div>\n\t\t\t\t<\/div>\n\t\t\t\t<div class=\"elementor-element elementor-element-2973843 elementor-button-align-stretch elementor-widget elementor-widget-form\" data-id=\"2973843\" data-element_type=\"widget\" data-settings=\"{&quot;step_next_label&quot;:&quot;Next&quot;,&quot;step_previous_label&quot;:&quot;Previous&quot;,&quot;button_width&quot;:&quot;100&quot;,&quot;step_type&quot;:&quot;number_text&quot;,&quot;step_icon_shape&quot;:&quot;circle&quot;}\" data-widget_type=\"form.default\">\n\t\t\t\t<div class=\"elementor-widget-container\">\n\t\t\t\t\t<form class=\"elementor-form\" method=\"post\" name=\"Haben Sie W\u00fcnsche oder Fragen?\">\n\t\t\t<input type=\"hidden\" name=\"post_id\" value=\"3605\"\/>\n\t\t\t<input type=\"hidden\" name=\"form_id\" value=\"2973843\"\/>\n\t\t\t<input type=\"hidden\" name=\"referer_title\" value=\"Sunshine Hotel &#8211; Malia\" \/>\n\n\t\t\t\n\t\t\t<div class=\"elementor-form-fields-wrapper elementor-labels-above\">\n\t\t\t\t\t\t\t\t<div class=\"elementor-field-type-text elementor-field-group elementor-column elementor-field-group-name elementor-col-100 elementor-field-required elementor-mark-required\">\n\t\t\t\t\t\t\t\t\t\t\t\t<label for=\"form-field-name\" class=\"elementor-field-label\">\n\t\t\t\t\t\t\t\tName\t\t\t\t\t\t\t<\/label>\n\t\t\t\t\t\t\t\t\t\t\t\t\t\t<input size=\"1\" type=\"text\" name=\"form_fields[name]\" id=\"form-field-name\" class=\"elementor-field elementor-size-sm  elementor-field-textual\" required=\"required\" aria-required=\"true\">\n\t\t\t\t\t\t\t\t\t\t\t<\/div>\n\t\t\t\t\t\t\t\t<div class=\"elementor-field-type-email elementor-field-group elementor-column elementor-field-group-email elementor-col-100 elementor-field-required elementor-mark-required\">\n\t\t\t\t\t\t\t\t\t\t\t\t<label for=\"form-field-email\" class=\"elementor-field-label\">\n\t\t\t\t\t\t\t\tEmail\t\t\t\t\t\t\t<\/label>\n\t\t\t\t\t\t\t\t\t\t\t\t\t\t<input size=\"1\" type=\"email\" name=\"form_fields[email]\" id=\"form-field-email\" class=\"elementor-field elementor-size-sm  elementor-field-textual\" required=\"required\" aria-required=\"true\">\n\t\t\t\t\t\t\t\t\t\t\t<\/div>\n\t\t\t\t\t\t\t\t<div class=\"elementor-field-type-tel elementor-field-group elementor-column elementor-field-group-field_52a9ca7 elementor-col-100\">\n\t\t\t\t\t\t\t\t\t\t\t\t<label for=\"form-field-field_52a9ca7\" class=\"elementor-field-label\">\n\t\t\t\t\t\t\t\tTelefon\t\t\t\t\t\t\t<\/label>\n\t\t\t\t\t\t\t\t<input size=\"1\" type=\"tel\" name=\"form_fields[field_52a9ca7]\" id=\"form-field-field_52a9ca7\" class=\"elementor-field elementor-size-sm  elementor-field-textual\" pattern=\"[0-9()#&amp;+*-=.]+\" title=\"Nur Nummern oder Telefon-Zeichen (#, -, *, etc) werden akzeptiert.\">\n\n\t\t\t\t\t\t<\/div>\n\t\t\t\t\t\t\t\t<div class=\"elementor-field-type-textarea elementor-field-group elementor-column elementor-field-group-message elementor-col-100 elementor-field-required elementor-mark-required\">\n\t\t\t\t\t\t\t\t\t\t\t\t<label for=\"form-field-message\" class=\"elementor-field-label\">\n\t\t\t\t\t\t\t\tNachricht\t\t\t\t\t\t\t<\/label>\n\t\t\t\t\t\t<textarea class=\"elementor-field-textual elementor-field  elementor-size-sm\" name=\"form_fields[message]\" id=\"form-field-message\" rows=\"4\" required=\"required\" aria-required=\"true\"><\/textarea>\t\t\t\t<\/div>\n\t\t\t\t\t\t\t\t<div class=\"elementor-field-type-recaptcha_v3 elementor-field-group elementor-column elementor-field-group-field_b252650 elementor-col-100 recaptcha_v3-bottomright\">\n\t\t\t\t\t<div class=\"elementor-field\" id=\"form-field-field_b252650\"><div class=\"elementor-g-recaptcha\" data-sitekey=\"6LcCpqYUAAAAAEs2cs4mG4RKoUZdAtUPfYD8YaNw\" data-type=\"v3\" data-action=\"Form\" data-badge=\"bottomright\" data-size=\"invisible\"><\/div><\/div>\t\t\t\t<\/div>\n\t\t\t\t\t\t\t\t<div class=\"elementor-field-group elementor-column elementor-field-type-submit elementor-col-100 e-form__buttons\">\n\t\t\t\t\t<button type=\"submit\" class=\"elementor-button elementor-size-sm\">\n\t\t\t\t\t\t<span >\n\t\t\t\t\t\t\t\t\t\t\t\t\t\t\t<span class=\" elementor-button-icon\">\n\t\t\t\t\t\t\t\t\t\t\t\t\t\t\t\t\t\t\t\t\t\t\t\t\t\t<\/span>\n\t\t\t\t\t\t\t\t\t\t\t\t\t\t\t\t\t\t\t\t\t\t<span class=\"elementor-button-text\">Senden<\/span>\n\t\t\t\t\t\t\t\t\t\t\t\t\t<\/span>\n\t\t\t\t\t<\/button>\n\t\t\t\t<\/div>\n\t\t\t<\/div>\n\t\t<\/form>\n\t\t\t\t<\/div>\n\t\t\t\t<\/div>\n\t\t\t\t\t<\/div>\n\t\t<\/div>\n\t\t\t\t\t\t\t<\/div>\n\t\t<\/section>\n\t\t\t\t<section class=\"elementor-section elementor-top-section elementor-element elementor-element-89abf53 elementor-section-stretched elementor-section-boxed elementor-section-height-default elementor-section-height-default elementor-invisible\" data-id=\"89abf53\" data-element_type=\"section\" data-settings=\"{&quot;stretch_section&quot;:&quot;section-stretched&quot;,&quot;background_background&quot;:&quot;classic&quot;,&quot;animation&quot;:&quot;fadeInUp&quot;}\">\n\t\t\t\t\t\t<div class=\"elementor-container elementor-column-gap-default\">\n\t\t\t\t\t<div class=\"elementor-column elementor-col-50 elementor-top-column elementor-element elementor-element-be99d71\" data-id=\"be99d71\" data-element_type=\"column\">\n\t\t\t<div class=\"elementor-widget-wrap elementor-element-populated\">\n\t\t\t\t\t\t\t\t<div class=\"elementor-element elementor-element-18889a4 elementor-widget elementor-widget-google_maps\" data-id=\"18889a4\" data-element_type=\"widget\" data-widget_type=\"google_maps.default\">\n\t\t\t\t<div class=\"elementor-widget-container\">\n\t\t\t\t\t<div class=\"elementor-custom-embed\">\n\t\t\t<iframe loading=\"lazy\"\n\t\t\t\t\tsrc=\"https:\/\/maps.google.com\/maps?q=sunshine%20malia&#038;t=m&#038;z=14&#038;output=embed&#038;iwloc=near\"\n\t\t\t\t\ttitle=\"sunshine malia\"\n\t\t\t\t\taria-label=\"sunshine malia\"\n\t\t\t><\/iframe>\n\t\t<\/div>\n\t\t\t\t<\/div>\n\t\t\t\t<\/div>\n\t\t\t\t\t<\/div>\n\t\t<\/div>\n\t\t\t\t<div class=\"elementor-column elementor-col-50 elementor-top-column elementor-element elementor-element-030a566\" data-id=\"030a566\" data-element_type=\"column\" data-settings=\"{&quot;background_background&quot;:&quot;classic&quot;}\">\n\t\t\t<div class=\"elementor-widget-wrap elementor-element-populated\">\n\t\t\t\t\t\t\t\t<div class=\"elementor-element elementor-element-3a33ec9 elementor-widget elementor-widget-text-editor\" data-id=\"3a33ec9\" data-element_type=\"widget\" data-widget_type=\"text-editor.default\">\n\t\t\t\t<div class=\"elementor-widget-container\">\n\t\t\t\t\t\t\t<h2><span style=\"color: #ffffff;\">UNSERE ADRESSE<\/span><\/h2>\n<p><span style=\"color: #ffffff;\"><strong>Sunshine Hotel Malia<\/strong><\/span><br \/>\n<span style=\"color: #ffffff;\">Machis Kritis 7,<\/span><br \/>\n<span style=\"color: #ffffff;\">Malia 700-07,Crete<\/span><\/p>\n\t\t\t\t\t\t<\/div>\n\t\t\t\t<\/div>\n\t\t\t\t<div class=\"elementor-element elementor-element-61012dc elementor-align-center elementor-widget elementor-widget-button\" data-id=\"61012dc\" data-element_type=\"widget\" data-widget_type=\"button.default\">\n\t\t\t\t<div class=\"elementor-widget-container\">\n\t\t\t\t\t<div class=\"elementor-button-wrapper\">\n\t\t\t<a class=\"elementor-button elementor-button-link elementor-size-md elementor-animation-shrink\" href=\"https:\/\/www.google.com\/maps\/place\/Sunshine+Apartments\/@35.2851557,25.4642428,15z\/data=!4m2!3m1!1s0x0:0x21207a7efd0980ec?sa=X&#038;ved=2ahUKEwjXyaetlsDhAhW3AhAIHRoMA68Q_BIwDnoECAsQCA\" target=\"_blank\">\n\t\t\t\t\t\t<span class=\"elementor-button-content-wrapper\">\n\t\t\t\t\t\t<span class=\"elementor-button-icon elementor-align-icon-left\">\n\t\t\t\t\t\t\t\t\t<i class=\"fa fa-map-marker\" aria-hidden=\"true\"><\/i>\n\t\t\t\t\t\t\t<\/span>\n\t\t\t\t\t\t<span class=\"elementor-button-text\">Richtung erhalten<\/span>\n\t\t<\/span>\n\t\t\t\t\t<\/a>\n\t\t<\/div>\n\t\t\t\t<\/div>\n\t\t\t\t<\/div>\n\t\t\t\t<div class=\"elementor-element elementor-element-5f672b0 elementor-widget elementor-widget-text-editor\" data-id=\"5f672b0\" data-element_type=\"widget\" data-widget_type=\"text-editor.default\">\n\t\t\t\t<div class=\"elementor-widget-container\">\n\t\t\t\t\t\t\t<h2><span style=\"color: #ffffff;\">RESERVIERUNG<\/span><\/h2>\r\n<span style=\"color: #ffffff;\"><a style=\"color: #ffffff;\" href=\"tel:+302897031090\">Tel.: 2897 0310<\/a>90\r\n<\/span><a style=\"font-weight: 400; font-style: normal; font-size: 18px; font-family: Renner, Helvetica, Arial, sans-serif; color: #ffffff;\" href=\"tel:+306942052544\">Mob.: <\/a><span style=\"color: #ffffff;\"> 6942 052544 <\/span>\r\n<span style=\"color: #ffffff;\"><a style=\"color: #ffffff;\" href=\"mailto:info@sunshine-malia.gr\">info@sunshine-malia.gr<\/a><\/span>\t\t\t\t\t\t<\/div>\n\t\t\t\t<\/div>\n\t\t\t\t\t<\/div>\n\t\t<\/div>\n\t\t\t\t\t\t\t<\/div>\n\t\t<\/section>\n\t\t\t\t\t\t\t<\/div>\n\t\t","protected":false},"excerpt":{"rendered":"<p>Kontakt aufnehmen BEFINDET SICH IM ZENTRUM VON KRETA, MALIA Richtung erhalten Haben Sie W\u00fcnsche oder Fragen? UNSERE ADRESSE Sunshine Hotel Malia Machis Kritis 7, Malia 700-07,Crete Richtung erhalten RESERVIERUNG Tel.: 2897 031090 Mob.: 6942 052544 info@sunshine-malia.gr<\/p>\n","protected":false},"author":5,"featured_media":0,"parent":0,"menu_order":0,"comment_status":"closed","ping_status":"closed","template":"","meta":{"footnotes":""},"yoast_head":"<!-- This site is optimized with the Yoast SEO plugin v21.8 - https:\/\/yoast.com\/wordpress\/plugins\/seo\/ -->\n<title>Kontakt | Nehmen Sie Kontakt mit uns - Sunshine Hotel - Malia<\/title>\n<meta name=\"description\" content=\"Es beinhaltet ein Geb\u00e4ude &quot;Hotel&quot; und ein Geb\u00e4ude &quot;Appartments&quot;, aber auch den Poolbereich, der sich direkt hinter diesen Geb\u00e4uden befindet.\" \/>\n<meta name=\"robots\" content=\"index, follow, max-snippet:-1, max-image-preview:large, max-video-preview:-1\" \/>\n<link rel=\"canonical\" href=\"https:\/\/sunshine-malia.gr\/contact-2\/\" \/>\n<meta property=\"og:locale\" content=\"de_DE\" \/>\n<meta property=\"og:type\" content=\"article\" \/>\n<meta property=\"og:title\" content=\"Kontakt | Nehmen Sie Kontakt mit uns - Sunshine Hotel - Malia\" \/>\n<meta property=\"og:description\" content=\"Es beinhaltet ein Geb\u00e4ude &quot;Hotel&quot; und ein Geb\u00e4ude &quot;Appartments&quot;, aber auch den Poolbereich, der sich direkt hinter diesen Geb\u00e4uden befindet.\" \/>\n<meta property=\"og:url\" content=\"https:\/\/sunshine-malia.gr\/contact-2\/\" \/>\n<meta property=\"og:site_name\" content=\"Sunshine Hotel - Malia\" \/>\n<meta property=\"article:modified_time\" content=\"2024-02-02T10:51:40+00:00\" \/>\n<meta property=\"og:image\" content=\"https:\/\/sunshine-malia.gr\/wp-content\/uploads\/2019\/03\/EVA_3007-682x1024.jpg\" \/>\n<meta name=\"twitter:card\" content=\"summary_large_image\" \/>\n<meta name=\"twitter:label1\" content=\"Gesch\u00e4tzte Lesezeit\" \/>\n\t<meta name=\"twitter:data1\" content=\"1\u00a0Minute\" \/>\n<script type=\"application\/ld+json\" class=\"yoast-schema-graph\">{\"@context\":\"https:\/\/schema.org\",\"@graph\":[{\"@type\":\"WebPage\",\"@id\":\"https:\/\/sunshine-malia.gr\/contact-2\/\",\"url\":\"https:\/\/sunshine-malia.gr\/contact-2\/\",\"name\":\"Kontakt | Nehmen Sie Kontakt mit uns - Sunshine Hotel - Malia\",\"isPartOf\":{\"@id\":\"https:\/\/sunshine-malia.gr\/#website\"},\"datePublished\":\"2021-04-12T07:23:03+00:00\",\"dateModified\":\"2024-02-02T10:51:40+00:00\",\"description\":\"Es beinhaltet ein Geb\u00e4ude \\\"Hotel\\\" und ein Geb\u00e4ude \\\"Appartments\\\", aber auch den Poolbereich, der sich direkt hinter diesen Geb\u00e4uden befindet.\",\"breadcrumb\":{\"@id\":\"https:\/\/sunshine-malia.gr\/contact-2\/#breadcrumb\"},\"inLanguage\":\"de\",\"potentialAction\":[{\"@type\":\"ReadAction\",\"target\":[\"https:\/\/sunshine-malia.gr\/contact-2\/\"]}]},{\"@type\":\"BreadcrumbList\",\"@id\":\"https:\/\/sunshine-malia.gr\/contact-2\/#breadcrumb\",\"itemListElement\":[{\"@type\":\"ListItem\",\"position\":1,\"name\":\"Home\",\"item\":\"https:\/\/sunshine-malia.gr\/\"},{\"@type\":\"ListItem\",\"position\":2,\"name\":\"Kontakt | Nehmen Sie Kontakt mit uns\"}]},{\"@type\":\"WebSite\",\"@id\":\"https:\/\/sunshine-malia.gr\/#website\",\"url\":\"https:\/\/sunshine-malia.gr\/\",\"name\":\"Sunshine Hotel - Malia\",\"description\":\"\",\"potentialAction\":[{\"@type\":\"SearchAction\",\"target\":{\"@type\":\"EntryPoint\",\"urlTemplate\":\"https:\/\/sunshine-malia.gr\/?s={search_term_string}\"},\"query-input\":\"required name=search_term_string\"}],\"inLanguage\":\"de\"}]}<\/script>\n<!-- \/ Yoast SEO plugin. -->","yoast_head_json":{"title":"Kontakt | Nehmen Sie Kontakt mit uns - Sunshine Hotel - Malia","description":"Es beinhaltet ein Geb\u00e4ude \"Hotel\" und ein Geb\u00e4ude \"Appartments\", aber auch den Poolbereich, der sich direkt hinter diesen Geb\u00e4uden befindet.","robots":{"index":"index","follow":"follow","max-snippet":"max-snippet:-1","max-image-preview":"max-image-preview:large","max-video-preview":"max-video-preview:-1"},"canonical":"https:\/\/sunshine-malia.gr\/contact-2\/","og_locale":"de_DE","og_type":"article","og_title":"Kontakt | Nehmen Sie Kontakt mit uns - Sunshine Hotel - Malia","og_description":"Es beinhaltet ein Geb\u00e4ude \"Hotel\" und ein Geb\u00e4ude \"Appartments\", aber auch den Poolbereich, der sich direkt hinter diesen Geb\u00e4uden befindet.","og_url":"https:\/\/sunshine-malia.gr\/contact-2\/","og_site_name":"Sunshine Hotel - Malia","article_modified_time":"2024-02-02T10:51:40+00:00","og_image":[{"url":"https:\/\/sunshine-malia.gr\/wp-content\/uploads\/2019\/03\/EVA_3007-682x1024.jpg"}],"twitter_card":"summary_large_image","twitter_misc":{"Gesch\u00e4tzte Lesezeit":"1\u00a0Minute"},"schema":{"@context":"https:\/\/schema.org","@graph":[{"@type":"WebPage","@id":"https:\/\/sunshine-malia.gr\/contact-2\/","url":"https:\/\/sunshine-malia.gr\/contact-2\/","name":"Kontakt | Nehmen Sie Kontakt mit uns - Sunshine Hotel - Malia","isPartOf":{"@id":"https:\/\/sunshine-malia.gr\/#website"},"datePublished":"2021-04-12T07:23:03+00:00","dateModified":"2024-02-02T10:51:40+00:00","description":"Es beinhaltet ein Geb\u00e4ude \"Hotel\" und ein Geb\u00e4ude \"Appartments\", aber auch den Poolbereich, der sich direkt hinter diesen Geb\u00e4uden befindet.","breadcrumb":{"@id":"https:\/\/sunshine-malia.gr\/contact-2\/#breadcrumb"},"inLanguage":"de","potentialAction":[{"@type":"ReadAction","target":["https:\/\/sunshine-malia.gr\/contact-2\/"]}]},{"@type":"BreadcrumbList","@id":"https:\/\/sunshine-malia.gr\/contact-2\/#breadcrumb","itemListElement":[{"@type":"ListItem","position":1,"name":"Home","item":"https:\/\/sunshine-malia.gr\/"},{"@type":"ListItem","position":2,"name":"Kontakt | Nehmen Sie Kontakt mit uns"}]},{"@type":"WebSite","@id":"https:\/\/sunshine-malia.gr\/#website","url":"https:\/\/sunshine-malia.gr\/","name":"Sunshine Hotel - Malia","description":"","potentialAction":[{"@type":"SearchAction","target":{"@type":"EntryPoint","urlTemplate":"https:\/\/sunshine-malia.gr\/?s={search_term_string}"},"query-input":"required name=search_term_string"}],"inLanguage":"de"}]}},"_links":{"self":[{"href":"https:\/\/sunshine-malia.gr\/de\/wp-json\/wp\/v2\/pages\/3605"}],"collection":[{"href":"https:\/\/sunshine-malia.gr\/de\/wp-json\/wp\/v2\/pages"}],"about":[{"href":"https:\/\/sunshine-malia.gr\/de\/wp-json\/wp\/v2\/types\/page"}],"author":[{"embeddable":true,"href":"https:\/\/sunshine-malia.gr\/de\/wp-json\/wp\/v2\/users\/5"}],"replies":[{"embeddable":true,"href":"https:\/\/sunshine-malia.gr\/de\/wp-json\/wp\/v2\/comments?post=3605"}],"version-history":[{"count":4,"href":"https:\/\/sunshine-malia.gr\/de\/wp-json\/wp\/v2\/pages\/3605\/revisions"}],"predecessor-version":[{"id":4154,"href":"https:\/\/sunshine-malia.gr\/de\/wp-json\/wp\/v2\/pages\/3605\/revisions\/4154"}],"wp:attachment":[{"href":"https:\/\/sunshine-malia.gr\/de\/wp-json\/wp\/v2\/media?parent=3605"}],"curies":[{"name":"wp","href":"https:\/\/api.w.org\/{rel}","templated":true}]}}