{"id":2052,"date":"2019-05-23T17:05:33","date_gmt":"2019-05-23T17:05:33","guid":{"rendered":"https:\/\/sunshine-malia.gr\/nos-menus\/"},"modified":"2024-01-30T12:14:30","modified_gmt":"2024-01-30T10:14:30","slug":"restaurant","status":"publish","type":"page","link":"https:\/\/sunshine-malia.gr\/fr\/restaurant\/","title":{"rendered":"Nos Menus"},"content":{"rendered":"\t\t<div data-elementor-type=\"wp-post\" data-elementor-id=\"2052\" class=\"elementor elementor-2052 elementor-455\" data-elementor-post-type=\"page\">\n\t\t\t\t\t\t\t\t\t<section class=\"elementor-section elementor-top-section elementor-element elementor-element-382054b9 elementor-section-stretched elementor-section-height-min-height elementor-section-boxed elementor-section-height-default elementor-section-items-middle\" data-id=\"382054b9\" data-element_type=\"section\" data-settings=\"{&quot;stretch_section&quot;:&quot;section-stretched&quot;,&quot;background_background&quot;:&quot;classic&quot;}\">\n\t\t\t\t\t\t\t<div class=\"elementor-background-overlay\"><\/div>\n\t\t\t\t\t\t\t<div class=\"elementor-container elementor-column-gap-default\">\n\t\t\t\t\t<div class=\"elementor-column elementor-col-100 elementor-top-column elementor-element elementor-element-32fe08ab\" data-id=\"32fe08ab\" data-element_type=\"column\">\n\t\t\t<div class=\"elementor-widget-wrap elementor-element-populated\">\n\t\t\t\t\t\t\t\t<div class=\"elementor-element elementor-element-120fa92f elementor-invisible elementor-widget elementor-widget-heading\" data-id=\"120fa92f\" data-element_type=\"widget\" data-settings=\"{&quot;_animation&quot;:&quot;fadeInUp&quot;}\" data-widget_type=\"heading.default\">\n\t\t\t\t<div class=\"elementor-widget-container\">\n\t\t\t<h1 class=\"elementor-heading-title elementor-size-default\">Restaurants &amp; Les bars<\/h1>\t\t<\/div>\n\t\t\t\t<\/div>\n\t\t\t\t<div class=\"elementor-element elementor-element-5a1aa0a2 elementor-invisible elementor-widget elementor-widget-heading\" data-id=\"5a1aa0a2\" data-element_type=\"widget\" data-settings=\"{&quot;_animation&quot;:&quot;fadeInUp&quot;,&quot;_animation_delay&quot;:400}\" data-widget_type=\"heading.default\">\n\t\t\t\t<div class=\"elementor-widget-container\">\n\t\t\t<h5 class=\"elementor-heading-title elementor-size-default\">SNACK-BAR, BAR DE PISCINE<\/h5>\t\t<\/div>\n\t\t\t\t<\/div>\n\t\t\t\t\t<\/div>\n\t\t<\/div>\n\t\t\t\t\t\t\t<\/div>\n\t\t<\/section>\n\t\t\t\t<section class=\"elementor-section elementor-top-section elementor-element elementor-element-a58c136 elementor-section-boxed elementor-section-height-default elementor-section-height-default\" data-id=\"a58c136\" data-element_type=\"section\">\n\t\t\t\t\t\t<div class=\"elementor-container elementor-column-gap-wider\">\n\t\t\t\t\t<div class=\"elementor-column elementor-col-50 elementor-top-column elementor-element elementor-element-7044b99\" data-id=\"7044b99\" data-element_type=\"column\">\n\t\t\t<div class=\"elementor-widget-wrap elementor-element-populated\">\n\t\t\t\t\t\t\t\t<div class=\"elementor-element elementor-element-79aedd4 elementor-widget elementor-widget-image\" data-id=\"79aedd4\" data-element_type=\"widget\" data-widget_type=\"image.default\">\n\t\t\t\t<div class=\"elementor-widget-container\">\n\t\t\t\t\t\t\t\t\t\t\t\t\t\t\t<img decoding=\"async\" src=\"https:\/\/sunshine-malia.gr\/wp-content\/uploads\/2019\/04\/coffee-100x100.png\" title=\"coffee\" alt=\"Sunshine Malia Hotel Breakfast\" loading=\"lazy\" \/>\t\t\t\t\t\t\t\t\t\t\t\t\t\t\t<\/div>\n\t\t\t\t<\/div>\n\t\t\t\t\t<\/div>\n\t\t<\/div>\n\t\t\t\t<div class=\"elementor-column elementor-col-50 elementor-top-column elementor-element elementor-element-7766cb4\" data-id=\"7766cb4\" data-element_type=\"column\">\n\t\t\t<div class=\"elementor-widget-wrap elementor-element-populated\">\n\t\t\t\t\t\t\t\t<div class=\"elementor-element elementor-element-b92f9c9 elementor-widget elementor-widget-text-editor\" data-id=\"b92f9c9\" data-element_type=\"widget\" data-widget_type=\"text-editor.default\">\n\t\t\t\t<div class=\"elementor-widget-container\">\n\t\t\t\t\t\t\t<p style=\"text-align: left;\">Il y a un snack-bar dans la piscine o\u00f9 vous pourrez d\u00e9guster des plats et des boissons du petit matin jusqu&rsquo;au coucher du soleil.<\/p>\r\nDans le bar de la piscine, vous trouverez une t\u00e9l\u00e9vision grand \u00e9cran, une table de billard et des chaises longues gratuites.\r\nUne grande vari\u00e9t\u00e9 de petits d\u00e9jeuners, collations, boissons et cocktails sont servis!\r\nDe plus, pour ceux qui aiment se lever t\u00f4t le matin, nous servons un petit d\u00e9jeuner continental dans notre restaurant r\u00e9nov\u00e9 en 2017 d\u00e8s le matin!\t\t\t\t\t\t<\/div>\n\t\t\t\t<\/div>\n\t\t\t\t\t<\/div>\n\t\t<\/div>\n\t\t\t\t\t\t\t<\/div>\n\t\t<\/section>\n\t\t\t\t<section class=\"elementor-section elementor-top-section elementor-element elementor-element-56ef47f elementor-section-stretched elementor-section-full_width elementor-section-height-default elementor-section-height-default\" data-id=\"56ef47f\" data-element_type=\"section\" data-settings=\"{&quot;stretch_section&quot;:&quot;section-stretched&quot;,&quot;background_background&quot;:&quot;classic&quot;}\">\n\t\t\t\t\t\t<div class=\"elementor-container elementor-column-gap-wider\">\n\t\t\t\t\t<div class=\"elementor-column elementor-col-100 elementor-top-column elementor-element elementor-element-f9a209b\" data-id=\"f9a209b\" data-element_type=\"column\">\n\t\t\t<div class=\"elementor-widget-wrap elementor-element-populated\">\n\t\t\t\t\t\t\t\t<div class=\"elementor-element elementor-element-934c4a7 elementor-widget elementor-widget-text-editor\" data-id=\"934c4a7\" data-element_type=\"widget\" data-widget_type=\"text-editor.default\">\n\t\t\t\t<div class=\"elementor-widget-container\">\n\t\t\t\t\t\t\t<p style=\"text-align: center;\"><span style=\"color: #ffffff;\">\u00a0\u00bb Tout le bonheur d\u00e9pend d&rsquo;un petit d\u00e9jeuner tranquille. \u00ab\u00a0<br \/>\n<\/span><span style=\"color: #ffffff;\">John Guther<\/span><\/p>\n\t\t\t\t\t\t<\/div>\n\t\t\t\t<\/div>\n\t\t\t\t\t<\/div>\n\t\t<\/div>\n\t\t\t\t\t\t\t<\/div>\n\t\t<\/section>\n\t\t\t\t<section class=\"elementor-section elementor-top-section elementor-element elementor-element-286ee4c elementor-reverse-mobile elementor-section-stretched elementor-section-full_width elementor-section-height-default elementor-section-height-default\" data-id=\"286ee4c\" data-element_type=\"section\" data-settings=\"{&quot;stretch_section&quot;:&quot;section-stretched&quot;}\">\n\t\t\t\t\t\t<div class=\"elementor-container elementor-column-gap-default\">\n\t\t\t\t\t<div class=\"elementor-column elementor-col-100 elementor-top-column elementor-element elementor-element-b27ab6d\" data-id=\"b27ab6d\" data-element_type=\"column\">\n\t\t\t<div class=\"elementor-widget-wrap elementor-element-populated\">\n\t\t\t\t\t\t\t\t<div class=\"elementor-element elementor-element-6084a99 elementor-widget elementor-widget-hoteller-gallery-horizontal\" data-id=\"6084a99\" data-element_type=\"widget\" data-widget_type=\"hoteller-gallery-horizontal.default\">\n\t\t\t\t<div class=\"elementor-widget-container\">\n\t\t\t<div class=\"tg_horizontal_gallery_wrapper\" data-autoplay=\"0\" data-loop=\"0\" data-navigation=\"1\" data-pagination=\"0\" data-parallax=\"0\" data-fullscreen=\"0\">\n\t\t<div class=\"tg_horizontal_gallery_cell\" style=\"margin-right:10px\">\n\t\t\t<img class=\"tg_horizontal_gallery_cell_img\" data-flickity-lazyload=\"https:\/\/sunshine-malia.gr\/wp-content\/uploads\/2019\/03\/restaurant-breakfast-4-1024x733.jpg\" alt=\"\" style=\"height:600px;\" \/>\n\t\t<\/div>\n\t\t<div class=\"tg_horizontal_gallery_cell\" style=\"margin-right:10px\">\n\t\t\t<img class=\"tg_horizontal_gallery_cell_img\" data-flickity-lazyload=\"https:\/\/sunshine-malia.gr\/wp-content\/uploads\/2019\/03\/restaurant-vertical-2.jpg\" alt=\"\" style=\"height:600px;\" \/>\n\t\t<\/div>\n\t\t<div class=\"tg_horizontal_gallery_cell\" style=\"margin-right:10px\">\n\t\t\t<img class=\"tg_horizontal_gallery_cell_img\" data-flickity-lazyload=\"https:\/\/sunshine-malia.gr\/wp-content\/uploads\/2019\/03\/restaurant-breakfast-1-1024x733.jpg\" alt=\"\" style=\"height:600px;\" \/>\n\t\t<\/div>\n\t\t<div class=\"tg_horizontal_gallery_cell\" style=\"margin-right:10px\">\n\t\t\t<img class=\"tg_horizontal_gallery_cell_img\" data-flickity-lazyload=\"https:\/\/sunshine-malia.gr\/wp-content\/uploads\/2019\/03\/restaurant-breakfast-cover.jpg\" alt=\"\" style=\"height:600px;\" \/>\n\t\t<\/div>\n\t\t<div class=\"tg_horizontal_gallery_cell\" style=\"margin-right:10px\">\n\t\t\t<img class=\"tg_horizontal_gallery_cell_img\" data-flickity-lazyload=\"https:\/\/sunshine-malia.gr\/wp-content\/uploads\/2019\/03\/restaurant-vertical-1.jpg\" alt=\"\" style=\"height:600px;\" \/>\n\t\t<\/div>\n\t\t<div class=\"tg_horizontal_gallery_cell\" style=\"margin-right:10px\">\n\t\t\t<img class=\"tg_horizontal_gallery_cell_img\" data-flickity-lazyload=\"https:\/\/sunshine-malia.gr\/wp-content\/uploads\/2019\/03\/restaurant-breakfast-5-1024x733.jpg\" alt=\"\" style=\"height:600px;\" \/>\n\t\t<\/div>\n\t\t<div class=\"tg_horizontal_gallery_cell\" style=\"margin-right:10px\">\n\t\t\t<img class=\"tg_horizontal_gallery_cell_img\" data-flickity-lazyload=\"https:\/\/sunshine-malia.gr\/wp-content\/uploads\/2019\/03\/restaurant-vertical.jpg\" alt=\"\" style=\"height:600px;\" \/>\n\t\t<\/div>\n\t\t<div class=\"tg_horizontal_gallery_cell\" style=\"margin-right:10px\">\n\t\t\t<img class=\"tg_horizontal_gallery_cell_img\" data-flickity-lazyload=\"https:\/\/sunshine-malia.gr\/wp-content\/uploads\/2019\/03\/restaurant-breakfast-1024x733.jpg\" alt=\"\" style=\"height:600px;\" \/>\n\t\t<\/div>\n<\/div>\n\t\t<\/div>\n\t\t\t\t<\/div>\n\t\t\t\t\t<\/div>\n\t\t<\/div>\n\t\t\t\t\t\t\t<\/div>\n\t\t<\/section>\n\t\t\t\t\t\t\t<\/div>\n\t\t","protected":false},"excerpt":{"rendered":"<p>Restaurants &amp; Les bars SNACK-BAR, BAR DE PISCINE Il y a un snack-bar dans la piscine o\u00f9 vous pourrez d\u00e9guster des plats et des boissons du petit matin jusqu&rsquo;au coucher du soleil. Dans le bar de la piscine, vous trouverez [&hellip;]<\/p>\n","protected":false},"author":5,"featured_media":0,"parent":0,"menu_order":0,"comment_status":"closed","ping_status":"closed","template":"","meta":{"footnotes":""},"yoast_head":"<!-- This site is optimized with the Yoast SEO plugin v21.8 - https:\/\/yoast.com\/wordpress\/plugins\/seo\/ -->\n<title>Nos Menus - Sunshine Hotel - Malia<\/title>\n<meta name=\"description\" content=\"Il y a un snack-bar pr\u00e8s de la piscine o\u00f9 vous pourrez d\u00e9guster de la nourriture et des boissons du petit matin jusqu&#039;au coucher du soleil. Au bar de la piscine, vous trouverez une t\u00e9l\u00e9vision grand \u00e9cran.\" \/>\n<meta name=\"robots\" content=\"index, follow, max-snippet:-1, max-image-preview:large, max-video-preview:-1\" \/>\n<link rel=\"canonical\" href=\"https:\/\/sunshine-malia.gr\/our-menus\/\" \/>\n<meta property=\"og:locale\" content=\"fr_FR\" \/>\n<meta property=\"og:type\" content=\"article\" \/>\n<meta property=\"og:title\" content=\"Nos Menus - Sunshine Hotel - Malia\" \/>\n<meta property=\"og:description\" content=\"Il y a un snack-bar pr\u00e8s de la piscine o\u00f9 vous pourrez d\u00e9guster de la nourriture et des boissons du petit matin jusqu&#039;au coucher du soleil. Au bar de la piscine, vous trouverez une t\u00e9l\u00e9vision grand \u00e9cran.\" \/>\n<meta property=\"og:url\" content=\"https:\/\/sunshine-malia.gr\/our-menus\/\" \/>\n<meta property=\"og:site_name\" content=\"Sunshine Hotel - Malia\" \/>\n<meta property=\"article:modified_time\" content=\"2024-01-30T10:14:30+00:00\" \/>\n<meta property=\"og:image\" content=\"https:\/\/sunshine-malia.gr\/wp-content\/uploads\/2019\/04\/coffee-100x100.png\" \/>\n<meta name=\"twitter:card\" content=\"summary_large_image\" \/>\n<meta name=\"twitter:label1\" content=\"Dur\u00e9e de lecture estim\u00e9e\" \/>\n\t<meta name=\"twitter:data1\" content=\"1 minute\" \/>\n<script type=\"application\/ld+json\" class=\"yoast-schema-graph\">{\"@context\":\"https:\/\/schema.org\",\"@graph\":[{\"@type\":\"WebPage\",\"@id\":\"https:\/\/sunshine-malia.gr\/our-menus\/\",\"url\":\"https:\/\/sunshine-malia.gr\/our-menus\/\",\"name\":\"Nos Menus - Sunshine Hotel - Malia\",\"isPartOf\":{\"@id\":\"https:\/\/sunshine-malia.gr\/#website\"},\"datePublished\":\"2019-05-23T17:05:33+00:00\",\"dateModified\":\"2024-01-30T10:14:30+00:00\",\"description\":\"Il y a un snack-bar pr\u00e8s de la piscine o\u00f9 vous pourrez d\u00e9guster de la nourriture et des boissons du petit matin jusqu'au coucher du soleil. Au bar de la piscine, vous trouverez une t\u00e9l\u00e9vision grand \u00e9cran.\",\"breadcrumb\":{\"@id\":\"https:\/\/sunshine-malia.gr\/our-menus\/#breadcrumb\"},\"inLanguage\":\"fr-FR\",\"potentialAction\":[{\"@type\":\"ReadAction\",\"target\":[\"https:\/\/sunshine-malia.gr\/our-menus\/\"]}]},{\"@type\":\"BreadcrumbList\",\"@id\":\"https:\/\/sunshine-malia.gr\/our-menus\/#breadcrumb\",\"itemListElement\":[{\"@type\":\"ListItem\",\"position\":1,\"name\":\"Home\",\"item\":\"https:\/\/sunshine-malia.gr\/\"},{\"@type\":\"ListItem\",\"position\":2,\"name\":\"Nos Menus\"}]},{\"@type\":\"WebSite\",\"@id\":\"https:\/\/sunshine-malia.gr\/#website\",\"url\":\"https:\/\/sunshine-malia.gr\/\",\"name\":\"Sunshine Hotel - Malia\",\"description\":\"\",\"potentialAction\":[{\"@type\":\"SearchAction\",\"target\":{\"@type\":\"EntryPoint\",\"urlTemplate\":\"https:\/\/sunshine-malia.gr\/?s={search_term_string}\"},\"query-input\":\"required name=search_term_string\"}],\"inLanguage\":\"fr-FR\"}]}<\/script>\n<!-- \/ Yoast SEO plugin. -->","yoast_head_json":{"title":"Nos Menus - Sunshine Hotel - Malia","description":"Il y a un snack-bar pr\u00e8s de la piscine o\u00f9 vous pourrez d\u00e9guster de la nourriture et des boissons du petit matin jusqu'au coucher du soleil. Au bar de la piscine, vous trouverez une t\u00e9l\u00e9vision grand \u00e9cran.","robots":{"index":"index","follow":"follow","max-snippet":"max-snippet:-1","max-image-preview":"max-image-preview:large","max-video-preview":"max-video-preview:-1"},"canonical":"https:\/\/sunshine-malia.gr\/our-menus\/","og_locale":"fr_FR","og_type":"article","og_title":"Nos Menus - Sunshine Hotel - Malia","og_description":"Il y a un snack-bar pr\u00e8s de la piscine o\u00f9 vous pourrez d\u00e9guster de la nourriture et des boissons du petit matin jusqu'au coucher du soleil. Au bar de la piscine, vous trouverez une t\u00e9l\u00e9vision grand \u00e9cran.","og_url":"https:\/\/sunshine-malia.gr\/our-menus\/","og_site_name":"Sunshine Hotel - Malia","article_modified_time":"2024-01-30T10:14:30+00:00","og_image":[{"url":"https:\/\/sunshine-malia.gr\/wp-content\/uploads\/2019\/04\/coffee-100x100.png"}],"twitter_card":"summary_large_image","twitter_misc":{"Dur\u00e9e de lecture estim\u00e9e":"1 minute"},"schema":{"@context":"https:\/\/schema.org","@graph":[{"@type":"WebPage","@id":"https:\/\/sunshine-malia.gr\/our-menus\/","url":"https:\/\/sunshine-malia.gr\/our-menus\/","name":"Nos Menus - Sunshine Hotel - Malia","isPartOf":{"@id":"https:\/\/sunshine-malia.gr\/#website"},"datePublished":"2019-05-23T17:05:33+00:00","dateModified":"2024-01-30T10:14:30+00:00","description":"Il y a un snack-bar pr\u00e8s de la piscine o\u00f9 vous pourrez d\u00e9guster de la nourriture et des boissons du petit matin jusqu'au coucher du soleil. Au bar de la piscine, vous trouverez une t\u00e9l\u00e9vision grand \u00e9cran.","breadcrumb":{"@id":"https:\/\/sunshine-malia.gr\/our-menus\/#breadcrumb"},"inLanguage":"fr-FR","potentialAction":[{"@type":"ReadAction","target":["https:\/\/sunshine-malia.gr\/our-menus\/"]}]},{"@type":"BreadcrumbList","@id":"https:\/\/sunshine-malia.gr\/our-menus\/#breadcrumb","itemListElement":[{"@type":"ListItem","position":1,"name":"Home","item":"https:\/\/sunshine-malia.gr\/"},{"@type":"ListItem","position":2,"name":"Nos Menus"}]},{"@type":"WebSite","@id":"https:\/\/sunshine-malia.gr\/#website","url":"https:\/\/sunshine-malia.gr\/","name":"Sunshine Hotel - Malia","description":"","potentialAction":[{"@type":"SearchAction","target":{"@type":"EntryPoint","urlTemplate":"https:\/\/sunshine-malia.gr\/?s={search_term_string}"},"query-input":"required name=search_term_string"}],"inLanguage":"fr-FR"}]}},"_links":{"self":[{"href":"https:\/\/sunshine-malia.gr\/fr\/wp-json\/wp\/v2\/pages\/2052"}],"collection":[{"href":"https:\/\/sunshine-malia.gr\/fr\/wp-json\/wp\/v2\/pages"}],"about":[{"href":"https:\/\/sunshine-malia.gr\/fr\/wp-json\/wp\/v2\/types\/page"}],"author":[{"embeddable":true,"href":"https:\/\/sunshine-malia.gr\/fr\/wp-json\/wp\/v2\/users\/5"}],"replies":[{"embeddable":true,"href":"https:\/\/sunshine-malia.gr\/fr\/wp-json\/wp\/v2\/comments?post=2052"}],"version-history":[{"count":7,"href":"https:\/\/sunshine-malia.gr\/fr\/wp-json\/wp\/v2\/pages\/2052\/revisions"}],"predecessor-version":[{"id":4076,"href":"https:\/\/sunshine-malia.gr\/fr\/wp-json\/wp\/v2\/pages\/2052\/revisions\/4076"}],"wp:attachment":[{"href":"https:\/\/sunshine-malia.gr\/fr\/wp-json\/wp\/v2\/media?parent=2052"}],"curies":[{"name":"wp","href":"https:\/\/api.w.org\/{rel}","templated":true}]}}